{"id":39,"date":"2025-05-15T00:50:47","date_gmt":"2025-05-14T22:50:47","guid":{"rendered":"https:\/\/freibad-camburg.de\/?page_id=39"},"modified":"2025-05-15T00:50:47","modified_gmt":"2025-05-14T22:50:47","slug":"antraege-und-beitraege","status":"publish","type":"page","link":"https:\/\/freibad-camburg.de\/index.php\/antraege-und-beitraege\/","title":{"rendered":"Antr\u00e4ge und Beitr\u00e4ge"},"content":{"rendered":"\n<h3 class=\"wp-block-heading\">Mitglied werden im F\u00f6rderverein Freibad Camburg<\/h3>\n\n\n\n<p>Sie m\u00f6chten das Freibad Camburg aktiv unterst\u00fctzen und zur langfristigen Erhaltung beitragen? Dann werden Sie Mitglied in unserem F\u00f6rderverein!<\/p>\n\n\n\n<p>Mit Ihrem Engagement \u2013 ob finanziell, ideell oder ganz praktisch \u2013 helfen Sie mit, unser Freibad als beliebten Treffpunkt f\u00fcr Jung und Alt zu bewahren und weiterzuentwickeln.<\/p>\n\n\n\n<p>\ud83d\udc49 Das <strong>Beitrittsformular<\/strong> sowie unsere <strong>Beitragsordnung<\/strong> stehen Ihnen hier zum Download bereit:<\/p>\n\n\n\n<ul class=\"wp-block-list\">\n<li><a href=\"https:\/\/freibad-camburg.de\/wp-content\/uploads\/2025\/05\/AufnahmeantragFFC-Formular-Stand2024-07-02.pdf\" data-type=\"link\" data-id=\"https:\/\/freibad-camburg.de\/wp-content\/uploads\/2025\/05\/AufnahmeantragFFC-Formular-Stand2024-07-02.pdf\" target=\"_blank\" rel=\"noreferrer noopener\">Antragsformular herunterladen (PDF)<\/a><\/li>\n\n\n\n<li><a href=\"https:\/\/freibad-camburg.de\/wp-content\/uploads\/2025\/05\/2024-06-21-FFC_e.V._Beitragsordnung.pdf\" data-type=\"link\" data-id=\"https:\/\/freibad-camburg.de\/wp-content\/uploads\/2025\/05\/2024-06-21-FFC_e.V._Beitragsordnung.pdf\" target=\"_blank\" rel=\"noreferrer noopener\">Beitragsordnung herunterladen (PDF)<\/a><\/li>\n<\/ul>\n\n\n\n<p>Wir freuen uns \u00fcber jedes neue Mitglied \u2013 gemeinsam f\u00fcr ein lebendiges Freibad Camburg! \ud83d\udc9a<\/p>\n","protected":false},"excerpt":{"rendered":"<p>Mitglied werden im F\u00f6rderverein Freibad Camburg Sie m\u00f6chten das Freibad Camburg aktiv unterst\u00fctzen und zur langfristigen Erhaltung beitragen? Dann werden Sie Mitglied in unserem F\u00f6rderverein! Mit Ihrem Engagement \u2013 ob finanziell, ideell oder ganz praktisch \u2013 helfen Sie mit, unser Freibad als beliebten Treffpunkt f\u00fcr Jung und Alt zu bewahren und weiterzuentwickeln. \ud83d\udc49 Das Beitrittsformular&hellip; <a class=\"more-link\" href=\"https:\/\/freibad-camburg.de\/index.php\/antraege-und-beitraege\/\"><span class=\"screen-reader-text\">Antr\u00e4ge und Beitr\u00e4ge<\/span> weiterlesen<\/a><\/p>\n","protected":false},"author":1,"featured_media":0,"parent":0,"menu_order":0,"comment_status":"closed","ping_status":"closed","template":"","meta":{"footnotes":""},"class_list":["post-39","page","type-page","status-publish","hentry","entry"],"_links":{"self":[{"href":"https:\/\/freibad-camburg.de\/index.php\/wp-json\/wp\/v2\/pages\/39","targetHints":{"allow":["GET"]}}],"collection":[{"href":"https:\/\/freibad-camburg.de\/index.php\/wp-json\/wp\/v2\/pages"}],"about":[{"href":"https:\/\/freibad-camburg.de\/index.php\/wp-json\/wp\/v2\/types\/page"}],"author":[{"embeddable":true,"href":"https:\/\/freibad-camburg.de\/index.php\/wp-json\/wp\/v2\/users\/1"}],"replies":[{"embeddable":true,"href":"https:\/\/freibad-camburg.de\/index.php\/wp-json\/wp\/v2\/comments?post=39"}],"version-history":[{"count":1,"href":"https:\/\/freibad-camburg.de\/index.php\/wp-json\/wp\/v2\/pages\/39\/revisions"}],"predecessor-version":[{"id":41,"href":"https:\/\/freibad-camburg.de\/index.php\/wp-json\/wp\/v2\/pages\/39\/revisions\/41"}],"wp:attachment":[{"href":"https:\/\/freibad-camburg.de\/index.php\/wp-json\/wp\/v2\/media?parent=39"}],"curies":[{"name":"wp","href":"https:\/\/api.w.org\/{rel}","templated":true}]}}