{"id":72,"date":"2025-07-02T10:41:21","date_gmt":"2025-07-02T08:41:21","guid":{"rendered":"https:\/\/freibad-camburg.de\/?page_id=72"},"modified":"2025-07-02T10:57:27","modified_gmt":"2025-07-02T08:57:27","slug":"spenden","status":"publish","type":"page","link":"https:\/\/freibad-camburg.de\/index.php\/spenden\/","title":{"rendered":"Spenden"},"content":{"rendered":"\n<p>Das Freibad Camburg ist nicht nur ein Ort der Erfrischung \u2013 es ist ein St\u00fcck Lebensqualit\u00e4t, ein Treffpunkt f\u00fcr Jung und Alt, ein Herzst\u00fcck unserer Gemeinschaft. Damit das so bleibt, braucht unser F\u00f6rderverein <em>Ihre Unterst\u00fctzung<\/em>!<\/p>\n\n\n\n<p><strong>Warum spenden?<\/strong><br>Die Pflege und die Modernisierung des Freibads kostet viel Geld \u2013 Geld, das allein durch Beitragsgelder nicht gedeckt werden kann. Jede Spende hilft, das Freibad zu erhalten, zu verbessern und f\u00fcr kommende Generationen fit zu machen.<\/p>\n\n\n\n<p><strong>So k\u00f6nnen Sie helfen:<\/strong><\/p>\n\n\n\n<ul class=\"wp-block-list\">\n<li><strong>Einmalig oder regelm\u00e4\u00dfig spenden \u2013 jeder Betrag z\u00e4hlt!<\/strong><\/li>\n\n\n\n<li><strong>Einfach per PayPal:<\/strong> <form action=\"https:\/\/www.paypal.com\/donate\" method=\"post\" target=\"_top\">\n<input type=\"hidden\" name=\"hosted_button_id\" value=\"4P6ZGASY3JZZ4\">\n<input type=\"image\" src=\"https:\/\/www.paypalobjects.com\/de_DE\/DE\/i\/btn\/btn_donate_LG.gif\" border=\"0\" name=\"submit\" title=\"PayPal - The safer, easier way to pay online!\" alt=\"Spenden mit dem PayPal-Button\">\n<\/form> <\/li>\n\n\n\n<li><strong>Oder per \u00dcberweisung:<\/strong> Die IBAN erhalten Sie schnell und unkompliziert \u00fcber unser <a href=\"https:\/\/freibad-camburg.de\/index.php\/kontakt\/\" data-type=\"page\" data-id=\"19\">Kontaktformular<\/a>.<\/li>\n<\/ul>\n\n\n\n<p><strong>Jede Spende flie\u00dft direkt ins Freibad.<\/strong><\/p>\n\n\n\n<p><strong>Danke f\u00fcr Ihre Unterst\u00fctzung \u2013 f\u00fcr ein lebendiges, familienfreundliches Camburg!<\/strong><br>Ihr Freibad-F\u00f6rderverein<\/p>\n\n\n\n<p><\/p>\n","protected":false},"excerpt":{"rendered":"<p>Das Freibad Camburg ist nicht nur ein Ort der Erfrischung \u2013 es ist ein St\u00fcck Lebensqualit\u00e4t, ein Treffpunkt f\u00fcr Jung und Alt, ein Herzst\u00fcck unserer Gemeinschaft. Damit das so bleibt, braucht unser F\u00f6rderverein Ihre Unterst\u00fctzung! Warum spenden?Die Pflege und die Modernisierung des Freibads kostet viel Geld \u2013 Geld, das allein durch Beitragsgelder nicht gedeckt werden&hellip; <a class=\"more-link\" href=\"https:\/\/freibad-camburg.de\/index.php\/spenden\/\"><span class=\"screen-reader-text\">Spenden<\/span> weiterlesen<\/a><\/p>\n","protected":false},"author":1,"featured_media":0,"parent":0,"menu_order":0,"comment_status":"closed","ping_status":"closed","template":"","meta":{"footnotes":""},"class_list":["post-72","page","type-page","status-publish","hentry","entry"],"_links":{"self":[{"href":"https:\/\/freibad-camburg.de\/index.php\/wp-json\/wp\/v2\/pages\/72","targetHints":{"allow":["GET"]}}],"collection":[{"href":"https:\/\/freibad-camburg.de\/index.php\/wp-json\/wp\/v2\/pages"}],"about":[{"href":"https:\/\/freibad-camburg.de\/index.php\/wp-json\/wp\/v2\/types\/page"}],"author":[{"embeddable":true,"href":"https:\/\/freibad-camburg.de\/index.php\/wp-json\/wp\/v2\/users\/1"}],"replies":[{"embeddable":true,"href":"https:\/\/freibad-camburg.de\/index.php\/wp-json\/wp\/v2\/comments?post=72"}],"version-history":[{"count":6,"href":"https:\/\/freibad-camburg.de\/index.php\/wp-json\/wp\/v2\/pages\/72\/revisions"}],"predecessor-version":[{"id":79,"href":"https:\/\/freibad-camburg.de\/index.php\/wp-json\/wp\/v2\/pages\/72\/revisions\/79"}],"wp:attachment":[{"href":"https:\/\/freibad-camburg.de\/index.php\/wp-json\/wp\/v2\/media?parent=72"}],"curies":[{"name":"wp","href":"https:\/\/api.w.org\/{rel}","templated":true}]}}